{"id":223,"date":"2024-12-15T19:01:06","date_gmt":"2024-12-15T18:01:06","guid":{"rendered":"https:\/\/dev-bh-advisory.pantheonsite.io\/?page_id=223"},"modified":"2025-09-28T12:30:37","modified_gmt":"2025-09-28T10:30:37","slug":"nos-partenaires","status":"publish","type":"page","link":"http:\/\/bravehill-dz.com\/en\/nos-partenaires\/","title":{"rendered":"Nos Partenaires"},"content":{"rendered":"<div data-elementor-type=\"wp-page\" data-elementor-id=\"223\" class=\"elementor elementor-223\" data-elementor-post-type=\"page\">\n\t\t\t\t<div class=\"elementor-element elementor-element-6c9be2b e-flex e-con-boxed e-con e-parent\" data-id=\"6c9be2b\" data-element_type=\"container\" data-settings=\"{&quot;background_background&quot;:&quot;classic&quot;}\">\n\t\t\t\t\t<div class=\"e-con-inner\">\n\t\t<div class=\"elementor-element elementor-element-5329c40 e-flex e-con-boxed e-con e-child\" data-id=\"5329c40\" data-element_type=\"container\">\n\t\t\t\t\t<div class=\"e-con-inner\">\n\t\t\t\t<div class=\"elementor-element elementor-element-5643aed elementor-invisible elementor-widget elementor-widget-heading\" data-id=\"5643aed\" data-element_type=\"widget\" data-settings=\"{&quot;_animation&quot;:&quot;fadeInUp&quot;,&quot;_animation_delay&quot;:200}\" data-widget_type=\"heading.default\">\n\t\t\t\t<div class=\"elementor-widget-container\">\n\t\t\t\t\t<h1 class=\"elementor-heading-title elementor-size-default\">Our partners<\/h1>\t\t\t\t<\/div>\n\t\t\t\t<\/div>\n\t\t\t\t\t<\/div>\n\t\t\t\t<\/div>\n\t\t\t\t\t<\/div>\n\t\t\t\t<\/div>\n\t\t<div class=\"elementor-element elementor-element-bf69cb1 e-flex e-con-boxed e-con e-parent\" data-id=\"bf69cb1\" data-element_type=\"container\">\n\t\t\t\t\t<div class=\"e-con-inner\">\n\t\t<div class=\"elementor-element elementor-element-6be33f3 e-con-full e-flex elementor-invisible e-con e-child\" data-id=\"6be33f3\" data-element_type=\"container\" data-settings=\"{&quot;animation&quot;:&quot;fadeInRight&quot;}\">\n\t\t\t\t<div class=\"elementor-element elementor-element-70ac755 elementor-widget elementor-widget-heading\" data-id=\"70ac755\" data-element_type=\"widget\" data-widget_type=\"heading.default\">\n\t\t\t\t<div class=\"elementor-widget-container\">\n\t\t\t\t\t<h2 class=\"elementor-heading-title elementor-size-default\">We work with outstanding partners<\/h2>\t\t\t\t<\/div>\n\t\t\t\t<\/div>\n\t\t\t\t<div class=\"elementor-element elementor-element-9e1496b elementor-widget elementor-widget-text-editor\" data-id=\"9e1496b\" data-element_type=\"widget\" data-widget_type=\"text-editor.default\">\n\t\t\t\t<div class=\"elementor-widget-container\">\n\t\t\t\t\t\t\t\t\t<p>At <strong>BH Advisory<\/strong>, we work <span class=\"notion-enable-hover\" data-token-index=\"0\">with outstanding partners who share our values<\/span>\u00a0of innovation and excellence. Together, we deliver reliable, customized solutions to help our clients succeed.<\/p>\t\t\t\t\t\t\t\t<\/div>\n\t\t\t\t<\/div>\n\t\t\t\t<\/div>\n\t\t\t\t<div class=\"elementor-element elementor-element-9f7e4d8 elementor-widget__width-initial elementor-widget-tablet__width-initial elementor-widget elementor-widget-image\" data-id=\"9f7e4d8\" data-element_type=\"widget\" data-widget_type=\"image.default\">\n\t\t\t\t<div class=\"elementor-widget-container\">\n\t\t\t\t\t\t\t\t\t\t\t\t\t\t\t<img fetchpriority=\"high\" decoding=\"async\" width=\"960\" height=\"720\" src=\"https:\/\/bravehill-dz.com\/wp-content\/uploads\/2025\/02\/464505110_3251557778312814_8268897941377336686_n.jpg\" class=\"attachment-full size-full wp-image-3103\" alt=\"\" srcset=\"https:\/\/bravehill-dz.com\/wp-content\/uploads\/2025\/02\/464505110_3251557778312814_8268897941377336686_n.jpg 960w, https:\/\/bravehill-dz.com\/wp-content\/uploads\/2025\/02\/464505110_3251557778312814_8268897941377336686_n-300x225.jpg 300w, https:\/\/bravehill-dz.com\/wp-content\/uploads\/2025\/02\/464505110_3251557778312814_8268897941377336686_n-768x576.jpg 768w\" sizes=\"(max-width: 960px) 100vw, 960px\" \/>\t\t\t\t\t\t\t\t\t\t\t\t\t\t\t<\/div>\n\t\t\t\t<\/div>\n\t\t\t\t\t<\/div>\n\t\t\t\t<\/div>\n\t\t<div class=\"elementor-element elementor-element-3dc126e e-flex e-con-boxed e-con e-parent\" data-id=\"3dc126e\" data-element_type=\"container\">\n\t\t\t\t\t<div class=\"e-con-inner\">\n\t\t\t\t<div class=\"elementor-element elementor-element-7d83c3c elementor-widget__width-inherit elementor-widget elementor-widget-heading\" data-id=\"7d83c3c\" data-element_type=\"widget\" data-widget_type=\"heading.default\">\n\t\t\t\t<div class=\"elementor-widget-container\">\n\t\t\t\t\t<h2 class=\"elementor-heading-title elementor-size-default\">Our partners <\/h2>\t\t\t\t<\/div>\n\t\t\t\t<\/div>\n\t\t\t\t<div class=\"elementor-element elementor-element-8b07d78 elementor-widget__width-initial e-transform elementor-widget-mobile__width-inherit elementor-position-top elementor-widget elementor-widget-image-box\" data-id=\"8b07d78\" data-element_type=\"widget\" data-settings=\"{&quot;_transform_translateY_effect_hover&quot;:{&quot;unit&quot;:&quot;px&quot;,&quot;size&quot;:-11,&quot;sizes&quot;:[]},&quot;_transform_translateX_effect_hover&quot;:{&quot;unit&quot;:&quot;px&quot;,&quot;size&quot;:&quot;&quot;,&quot;sizes&quot;:[]},&quot;_transform_translateX_effect_hover_tablet&quot;:{&quot;unit&quot;:&quot;px&quot;,&quot;size&quot;:&quot;&quot;,&quot;sizes&quot;:[]},&quot;_transform_translateX_effect_hover_mobile&quot;:{&quot;unit&quot;:&quot;px&quot;,&quot;size&quot;:&quot;&quot;,&quot;sizes&quot;:[]},&quot;_transform_translateY_effect_hover_tablet&quot;:{&quot;unit&quot;:&quot;px&quot;,&quot;size&quot;:&quot;&quot;,&quot;sizes&quot;:[]},&quot;_transform_translateY_effect_hover_mobile&quot;:{&quot;unit&quot;:&quot;px&quot;,&quot;size&quot;:&quot;&quot;,&quot;sizes&quot;:[]}}\" data-widget_type=\"image-box.default\">\n\t\t\t\t<div class=\"elementor-widget-container\">\n\t\t\t\t\t<div class=\"elementor-image-box-wrapper\"><figure class=\"elementor-image-box-img\"><img decoding=\"async\" width=\"931\" height=\"169\" src=\"https:\/\/bravehill-dz.com\/wp-content\/uploads\/2025\/02\/image-1.png\" class=\"attachment-full size-full wp-image-2893\" alt=\"\" srcset=\"https:\/\/bravehill-dz.com\/wp-content\/uploads\/2025\/02\/image-1.png 931w, https:\/\/bravehill-dz.com\/wp-content\/uploads\/2025\/02\/image-1-300x54.png 300w, https:\/\/bravehill-dz.com\/wp-content\/uploads\/2025\/02\/image-1-768x139.png 768w\" sizes=\"(max-width: 931px) 100vw, 931px\" \/><\/figure><div class=\"elementor-image-box-content\"><h3 class=\"elementor-image-box-title\">EVOLLENA<\/h3><p class=\"elementor-image-box-description\">BH Advisory has launched a new activity dedicated to project management, expanding our consulting expertise to meet your needs. In partnership with Evoll\u00e9na Consulting, we offer an innovative, customized approach to project management. Our commitment to excellence ensures an outstanding experience, built on innovation, quality, and success.\n<\/p><\/div><\/div>\t\t\t\t<\/div>\n\t\t\t\t<\/div>\n\t\t\t\t<div class=\"elementor-element elementor-element-9bb6ce1 elementor-widget__width-initial e-transform elementor-widget-mobile__width-inherit elementor-position-top elementor-widget elementor-widget-image-box\" data-id=\"9bb6ce1\" data-element_type=\"widget\" data-settings=\"{&quot;_transform_translateY_effect_hover&quot;:{&quot;unit&quot;:&quot;px&quot;,&quot;size&quot;:-11,&quot;sizes&quot;:[]},&quot;_transform_translateX_effect_hover&quot;:{&quot;unit&quot;:&quot;px&quot;,&quot;size&quot;:&quot;&quot;,&quot;sizes&quot;:[]},&quot;_transform_translateX_effect_hover_tablet&quot;:{&quot;unit&quot;:&quot;px&quot;,&quot;size&quot;:&quot;&quot;,&quot;sizes&quot;:[]},&quot;_transform_translateX_effect_hover_mobile&quot;:{&quot;unit&quot;:&quot;px&quot;,&quot;size&quot;:&quot;&quot;,&quot;sizes&quot;:[]},&quot;_transform_translateY_effect_hover_tablet&quot;:{&quot;unit&quot;:&quot;px&quot;,&quot;size&quot;:&quot;&quot;,&quot;sizes&quot;:[]},&quot;_transform_translateY_effect_hover_mobile&quot;:{&quot;unit&quot;:&quot;px&quot;,&quot;size&quot;:&quot;&quot;,&quot;sizes&quot;:[]}}\" data-widget_type=\"image-box.default\">\n\t\t\t\t<div class=\"elementor-widget-container\">\n\t\t\t\t\t<div class=\"elementor-image-box-wrapper\"><figure class=\"elementor-image-box-img\"><img decoding=\"async\" width=\"180\" height=\"180\" src=\"https:\/\/bravehill-dz.com\/wp-content\/uploads\/2025\/06\/chgroupglobal_logo.webp\" class=\"attachment-full size-full wp-image-3808\" alt=\"\" srcset=\"https:\/\/bravehill-dz.com\/wp-content\/uploads\/2025\/06\/chgroupglobal_logo.webp 180w, https:\/\/bravehill-dz.com\/wp-content\/uploads\/2025\/06\/chgroupglobal_logo-150x150.webp 150w\" sizes=\"(max-width: 180px) 100vw, 180px\" \/><\/figure><div class=\"elementor-image-box-content\"><h3 class=\"elementor-image-box-title\">CH Consulting<\/h3><p class=\"elementor-image-box-description\">CH Group is a global management consultancy brand with over 27 years' experience in designing and implementing business and institutional projects. Its client portfolio includes governments, public institutions, international financial institutions for co-operation and development, sectoral associations and companies, ranging from SMEs to the most prominent multinational companies. It is the most awarded Portuguese consultancy, with more than 330 national and international awards and recognitions in 16 practice areas. It has successfully developed projects in more than 50 countries on 5 continents.\n<\/p><\/div><\/div>\t\t\t\t<\/div>\n\t\t\t\t<\/div>\n\t\t\t\t<div class=\"elementor-element elementor-element-8f76860 elementor-widget__width-initial e-transform elementor-widget-mobile__width-inherit elementor-position-top elementor-widget elementor-widget-image-box\" data-id=\"8f76860\" data-element_type=\"widget\" data-settings=\"{&quot;_transform_translateY_effect_hover&quot;:{&quot;unit&quot;:&quot;px&quot;,&quot;size&quot;:-11,&quot;sizes&quot;:[]},&quot;_transform_translateX_effect_hover&quot;:{&quot;unit&quot;:&quot;px&quot;,&quot;size&quot;:&quot;&quot;,&quot;sizes&quot;:[]},&quot;_transform_translateX_effect_hover_tablet&quot;:{&quot;unit&quot;:&quot;px&quot;,&quot;size&quot;:&quot;&quot;,&quot;sizes&quot;:[]},&quot;_transform_translateX_effect_hover_mobile&quot;:{&quot;unit&quot;:&quot;px&quot;,&quot;size&quot;:&quot;&quot;,&quot;sizes&quot;:[]},&quot;_transform_translateY_effect_hover_tablet&quot;:{&quot;unit&quot;:&quot;px&quot;,&quot;size&quot;:&quot;&quot;,&quot;sizes&quot;:[]},&quot;_transform_translateY_effect_hover_mobile&quot;:{&quot;unit&quot;:&quot;px&quot;,&quot;size&quot;:&quot;&quot;,&quot;sizes&quot;:[]}}\" data-widget_type=\"image-box.default\">\n\t\t\t\t<div class=\"elementor-widget-container\">\n\t\t\t\t\t<div class=\"elementor-image-box-wrapper\"><figure class=\"elementor-image-box-img\"><img loading=\"lazy\" decoding=\"async\" width=\"894\" height=\"211\" src=\"https:\/\/bravehill-dz.com\/wp-content\/uploads\/2025\/05\/AMS-Audit_Logo.webp\" class=\"attachment-full size-full wp-image-3460\" alt=\"\" srcset=\"https:\/\/bravehill-dz.com\/wp-content\/uploads\/2025\/05\/AMS-Audit_Logo.webp 894w, https:\/\/bravehill-dz.com\/wp-content\/uploads\/2025\/05\/AMS-Audit_Logo-300x71.webp 300w, https:\/\/bravehill-dz.com\/wp-content\/uploads\/2025\/05\/AMS-Audit_Logo-768x181.webp 768w\" sizes=\"(max-width: 894px) 100vw, 894px\" \/><\/figure><div class=\"elementor-image-box-content\"><h3 class=\"elementor-image-box-title\">AMS AUDIT & Advisory\/ Deloitte Audit Alg\u00e9rie<\/h3><p class=\"elementor-image-box-description\">Audit &amp; Risk Advisory firm specializing in Tax and Financial Advisory with over 20 years of experience in Algeria.\n<\/p><\/div><\/div>\t\t\t\t<\/div>\n\t\t\t\t<\/div>\n\t\t\t\t<div class=\"elementor-element elementor-element-930b63c elementor-widget__width-initial e-transform elementor-widget-mobile__width-inherit elementor-position-top elementor-widget elementor-widget-image-box\" data-id=\"930b63c\" data-element_type=\"widget\" data-settings=\"{&quot;_transform_translateY_effect_hover&quot;:{&quot;unit&quot;:&quot;px&quot;,&quot;size&quot;:-11,&quot;sizes&quot;:[]},&quot;_transform_translateX_effect_hover&quot;:{&quot;unit&quot;:&quot;px&quot;,&quot;size&quot;:&quot;&quot;,&quot;sizes&quot;:[]},&quot;_transform_translateX_effect_hover_tablet&quot;:{&quot;unit&quot;:&quot;px&quot;,&quot;size&quot;:&quot;&quot;,&quot;sizes&quot;:[]},&quot;_transform_translateX_effect_hover_mobile&quot;:{&quot;unit&quot;:&quot;px&quot;,&quot;size&quot;:&quot;&quot;,&quot;sizes&quot;:[]},&quot;_transform_translateY_effect_hover_tablet&quot;:{&quot;unit&quot;:&quot;px&quot;,&quot;size&quot;:&quot;&quot;,&quot;sizes&quot;:[]},&quot;_transform_translateY_effect_hover_mobile&quot;:{&quot;unit&quot;:&quot;px&quot;,&quot;size&quot;:&quot;&quot;,&quot;sizes&quot;:[]}}\" data-widget_type=\"image-box.default\">\n\t\t\t\t<div class=\"elementor-widget-container\">\n\t\t\t\t\t<div class=\"elementor-image-box-wrapper\"><figure class=\"elementor-image-box-img\"><img loading=\"lazy\" decoding=\"async\" width=\"200\" height=\"200\" src=\"https:\/\/bravehill-dz.com\/wp-content\/uploads\/2025\/01\/chconsulting_logo-2.webp\" class=\"attachment-full size-full wp-image-2021\" alt=\"\" srcset=\"https:\/\/bravehill-dz.com\/wp-content\/uploads\/2025\/01\/chconsulting_logo-2.webp 200w, https:\/\/bravehill-dz.com\/wp-content\/uploads\/2025\/01\/chconsulting_logo-2-150x150.webp 150w\" sizes=\"(max-width: 200px) 100vw, 200px\" \/><\/figure><div class=\"elementor-image-box-content\"><h3 class=\"elementor-image-box-title\">PECB <\/h3><p class=\"elementor-image-box-description\">PECB is a leading certification body dedicated to fostering digital trust through comprehensive education, certification, and certificate programs across various disciplines. We empower professionals to develop and demonstrate their competence in digital security and other areas of expertise by providing world-class certification programs that adhere to internationally recognized standards.\n<\/p><\/div><\/div>\t\t\t\t<\/div>\n\t\t\t\t<\/div>\n\t\t\t\t<div class=\"elementor-element elementor-element-23d8126 elementor-widget__width-initial e-transform elementor-widget-mobile__width-inherit elementor-position-top elementor-widget elementor-widget-image-box\" data-id=\"23d8126\" data-element_type=\"widget\" data-settings=\"{&quot;_transform_translateY_effect_hover&quot;:{&quot;unit&quot;:&quot;px&quot;,&quot;size&quot;:-11,&quot;sizes&quot;:[]},&quot;_transform_translateX_effect_hover&quot;:{&quot;unit&quot;:&quot;px&quot;,&quot;size&quot;:&quot;&quot;,&quot;sizes&quot;:[]},&quot;_transform_translateX_effect_hover_tablet&quot;:{&quot;unit&quot;:&quot;px&quot;,&quot;size&quot;:&quot;&quot;,&quot;sizes&quot;:[]},&quot;_transform_translateX_effect_hover_mobile&quot;:{&quot;unit&quot;:&quot;px&quot;,&quot;size&quot;:&quot;&quot;,&quot;sizes&quot;:[]},&quot;_transform_translateY_effect_hover_tablet&quot;:{&quot;unit&quot;:&quot;px&quot;,&quot;size&quot;:&quot;&quot;,&quot;sizes&quot;:[]},&quot;_transform_translateY_effect_hover_mobile&quot;:{&quot;unit&quot;:&quot;px&quot;,&quot;size&quot;:&quot;&quot;,&quot;sizes&quot;:[]}}\" data-widget_type=\"image-box.default\">\n\t\t\t\t<div class=\"elementor-widget-container\">\n\t\t\t\t\t<div class=\"elementor-image-box-wrapper\"><figure class=\"elementor-image-box-img\"><img decoding=\"async\" src=\"https:\/\/bravehill-dz.com\/wp-content\/uploads\/elementor\/thumbs\/1-e1740407527244-r7dpt6xw50fhrus0cg7elc7w6jpfc2jas91keuohww.png\" title=\"Smarteam Consulting\" alt=\"Smarteam Consulting\" loading=\"lazy\" \/><\/figure><div class=\"elementor-image-box-content\"><h3 class=\"elementor-image-box-title\">Smarteam<\/h3><p class=\"elementor-image-box-description\">At Smarteam Consulting, our priority is to build a genuine relationship of trust. From strategic consulting to technical implementation, we guide you to ensure your website becomes a powerful tool for visibility and conversion.<\/p><\/div><\/div>\t\t\t\t<\/div>\n\t\t\t\t<\/div>\n\t\t\t\t\t<\/div>\n\t\t\t\t<\/div>\n\t\t\t\t<\/div>","protected":false},"excerpt":{"rendered":"<p>Nos partenaires Nous collaborons avec des partenaires d\u2019excellence Chez BH Advisory, nous collaborons avec des partenaires qui partagent nos valeurs\u00a0d\u2019innovation et d\u2019excellence. Ensemble, nous apportons des solutions fiables et adapt\u00e9es pour accompagner nos clients vers le succ\u00e8s. Nos partenaires EVOLLENA Le cabinet BH Advisory lance une nouvelle activit\u00e9 d\u00e9di\u00e9e au pilotage de projet, \u00e9tendant ainsi [&hellip;]<\/p>\n","protected":false},"author":2,"featured_media":0,"parent":0,"menu_order":0,"comment_status":"closed","ping_status":"closed","template":"","meta":{"footnotes":""},"class_list":["post-223","page","type-page","status-publish","hentry"],"_links":{"self":[{"href":"http:\/\/bravehill-dz.com\/en\/wp-json\/wp\/v2\/pages\/223","targetHints":{"allow":["GET"]}}],"collection":[{"href":"http:\/\/bravehill-dz.com\/en\/wp-json\/wp\/v2\/pages"}],"about":[{"href":"http:\/\/bravehill-dz.com\/en\/wp-json\/wp\/v2\/types\/page"}],"author":[{"embeddable":true,"href":"http:\/\/bravehill-dz.com\/en\/wp-json\/wp\/v2\/users\/2"}],"replies":[{"embeddable":true,"href":"http:\/\/bravehill-dz.com\/en\/wp-json\/wp\/v2\/comments?post=223"}],"version-history":[{"count":214,"href":"http:\/\/bravehill-dz.com\/en\/wp-json\/wp\/v2\/pages\/223\/revisions"}],"predecessor-version":[{"id":4145,"href":"http:\/\/bravehill-dz.com\/en\/wp-json\/wp\/v2\/pages\/223\/revisions\/4145"}],"wp:attachment":[{"href":"http:\/\/bravehill-dz.com\/en\/wp-json\/wp\/v2\/media?parent=223"}],"curies":[{"name":"wp","href":"https:\/\/api.w.org\/{rel}","templated":true}]}}