{"id":225,"date":"2024-12-15T19:01:16","date_gmt":"2024-12-15T18:01:16","guid":{"rendered":"https:\/\/dev-bh-advisory.pantheonsite.io\/?page_id=225"},"modified":"2025-02-26T16:31:33","modified_gmt":"2025-02-26T15:31:33","slug":"actualites","status":"publish","type":"page","link":"https:\/\/bravehill-dz.com\/en\/actualites\/","title":{"rendered":"Actualit\u00e9s"},"content":{"rendered":"<div data-elementor-type=\"wp-page\" data-elementor-id=\"225\" class=\"elementor elementor-225\" data-elementor-post-type=\"page\">\n\t\t\t\t<div class=\"elementor-element elementor-element-5f8a211 e-flex e-con-boxed e-con e-parent\" data-id=\"5f8a211\" data-element_type=\"container\" data-settings=\"{&quot;background_background&quot;:&quot;classic&quot;}\">\n\t\t\t\t\t<div class=\"e-con-inner\">\n\t\t<div class=\"elementor-element elementor-element-5063bd67 e-flex e-con-boxed e-con e-child\" data-id=\"5063bd67\" data-element_type=\"container\">\n\t\t\t\t\t<div class=\"e-con-inner\">\n\t\t\t\t<div class=\"elementor-element elementor-element-4f86a976 elementor-invisible elementor-widget elementor-widget-heading\" data-id=\"4f86a976\" data-element_type=\"widget\" data-settings=\"{&quot;_animation&quot;:&quot;fadeInUp&quot;,&quot;_animation_delay&quot;:200}\" data-widget_type=\"heading.default\">\n\t\t\t\t<div class=\"elementor-widget-container\">\n\t\t\t\t\t<h1 class=\"elementor-heading-title elementor-size-default\">BH News<\/h1>\t\t\t\t<\/div>\n\t\t\t\t<\/div>\n\t\t\t\t\t<\/div>\n\t\t\t\t<\/div>\n\t\t\t\t\t<\/div>\n\t\t\t\t<\/div>\n\t\t<div class=\"elementor-element elementor-element-c395c36 e-flex e-con-boxed e-con e-parent\" data-id=\"c395c36\" data-element_type=\"container\">\n\t\t\t\t\t<div class=\"e-con-inner\">\n\t\t\t\t<div class=\"elementor-element elementor-element-264537f elementor-widget elementor-widget-heading\" data-id=\"264537f\" data-element_type=\"widget\" data-widget_type=\"heading.default\">\n\t\t\t\t<div class=\"elementor-widget-container\">\n\t\t\t\t\t<h2 class=\"elementor-heading-title elementor-size-default\">Suivez-nous sur LinkedIn<\/h2>\t\t\t\t<\/div>\n\t\t\t\t<\/div>\n\t\t\t\t<div class=\"elementor-element elementor-element-7cbd0df elementor-widget elementor-widget-html\" data-id=\"7cbd0df\" data-element_type=\"widget\" data-widget_type=\"html.default\">\n\t\t\t\t<div class=\"elementor-widget-container\">\n\t\t\t\t\t<script src=\"https:\/\/static.elfsight.com\/platform\/platform.js\" async><\/script>\r\n<div class=\"elfsight-app-c6f97b87-5dfc-4c9e-9da1-704fa8c0208e\" data-elfsight-app-lazy><\/div>\t\t\t\t<\/div>\n\t\t\t\t<\/div>\n\t\t\t\t\t<\/div>\n\t\t\t\t<\/div>\n\t\t<div class=\"elementor-element elementor-element-51ed2802 e-flex e-con-boxed e-con e-parent\" data-id=\"51ed2802\" data-element_type=\"container\">\n\t\t\t\t\t<div class=\"e-con-inner\">\n\t\t\t\t<div class=\"elementor-element elementor-element-d541e40 elementor-invisible elementor-widget elementor-widget-heading\" data-id=\"d541e40\" data-element_type=\"widget\" data-settings=\"{&quot;_animation&quot;:&quot;fadeInUp&quot;,&quot;_animation_delay&quot;:200}\" data-widget_type=\"heading.default\">\n\t\t\t\t<div class=\"elementor-widget-container\">\n\t\t\t\t\t<h2 class=\"elementor-heading-title elementor-size-default\">Derniers articles<\/h2>\t\t\t\t<\/div>\n\t\t\t\t<\/div>\n\t\t\t\t<div class=\"elementor-element elementor-element-6b1e705 elementor-posts--align-left elementor-grid-3 elementor-grid-tablet-2 elementor-grid-mobile-1 elementor-posts--thumbnail-top elementor-widget elementor-widget-posts\" data-id=\"6b1e705\" data-element_type=\"widget\" data-settings=\"{&quot;classic_columns&quot;:&quot;3&quot;,&quot;classic_columns_tablet&quot;:&quot;2&quot;,&quot;classic_columns_mobile&quot;:&quot;1&quot;,&quot;classic_row_gap&quot;:{&quot;unit&quot;:&quot;px&quot;,&quot;size&quot;:35,&quot;sizes&quot;:[]},&quot;classic_row_gap_tablet&quot;:{&quot;unit&quot;:&quot;px&quot;,&quot;size&quot;:&quot;&quot;,&quot;sizes&quot;:[]},&quot;classic_row_gap_mobile&quot;:{&quot;unit&quot;:&quot;px&quot;,&quot;size&quot;:&quot;&quot;,&quot;sizes&quot;:[]}}\" data-widget_type=\"posts.classic\">\n\t\t\t\t<div class=\"elementor-widget-container\">\n\t\t\t\t\t\t\t<div class=\"elementor-posts-container elementor-posts elementor-posts--skin-classic elementor-grid\">\n\t\t\t\t<article class=\"elementor-post elementor-grid-item post-506 post type-post status-publish format-standard has-post-thumbnail hentry category-evenement\">\n\t\t\t\t<a class=\"elementor-post__thumbnail__link\" href=\"https:\/\/bravehill-dz.com\/en\/pecb-et-la-sarl-target-prime-bh-advisory-ont-signe-un-partenariat-strategique\/\" tabindex=\"-1\" >\n\t\t\t<div class=\"elementor-post__thumbnail\"><img fetchpriority=\"high\" decoding=\"async\" width=\"1080\" height=\"1920\" src=\"https:\/\/bravehill-dz.com\/wp-content\/uploads\/2024\/12\/1732015619043.jpeg\" class=\"attachment-full size-full wp-image-2115\" alt=\"\" srcset=\"https:\/\/bravehill-dz.com\/wp-content\/uploads\/2024\/12\/1732015619043.jpeg 1080w, https:\/\/bravehill-dz.com\/wp-content\/uploads\/2024\/12\/1732015619043-169x300.jpeg 169w, https:\/\/bravehill-dz.com\/wp-content\/uploads\/2024\/12\/1732015619043-576x1024.jpeg 576w, https:\/\/bravehill-dz.com\/wp-content\/uploads\/2024\/12\/1732015619043-768x1365.jpeg 768w, https:\/\/bravehill-dz.com\/wp-content\/uploads\/2024\/12\/1732015619043-864x1536.jpeg 864w\" sizes=\"(max-width: 1080px) 100vw, 1080px\" \/><\/div>\n\t\t<\/a>\n\t\t\t\t<div class=\"elementor-post__text\">\n\t\t\t\t<h3 class=\"elementor-post__title\">\n\t\t\t<a href=\"https:\/\/bravehill-dz.com\/en\/pecb-et-la-sarl-target-prime-bh-advisory-ont-signe-un-partenariat-strategique\/\" >\n\t\t\t\tPECB and the SARL TARGET PREMIUM-BH ADVISORY have signed a strategic partnership agreement\t\t\t<\/a>\n\t\t<\/h3>\n\t\t\t\t<div class=\"elementor-post__meta-data\">\n\t\t\t\t\t<span class=\"elementor-post-date\">\n\t\t\t19\/11\/2024\t\t<\/span>\n\t\t\t\t<span class=\"elementor-post-avatar\">\n\t\t\tNo Comments\t\t<\/span>\n\t\t\t\t<\/div>\n\t\t\t\t<div class=\"elementor-post__excerpt\">\n\t\t\t<p>Nous avons le plaisir d&rsquo;annoncer la signature d&rsquo;un partenariat mutuellement b\u00e9n\u00e9fique avec l\u2019entreprise canadienne PECB, le 09 octobre 2024. Ce partenariat associe l\u2019expertise internationale en<\/p>\n\t\t<\/div>\n\t\t\t\t\t<div class=\"elementor-post__read-more-wrapper\">\n\t\t\n\t\t<a class=\"elementor-post__read-more\" href=\"https:\/\/bravehill-dz.com\/en\/pecb-et-la-sarl-target-prime-bh-advisory-ont-signe-un-partenariat-strategique\/\" aria-label=\"Read more about PECB et la SARL TARGET PRIME-BH ADVISORY ont sign\u00e9 un partenariat strat\u00e9gique\" tabindex=\"-1\" >\n\t\t\tRead more &#034;\t\t<\/a>\n\n\t\t\t\t\t<\/div>\n\t\t\t\t<\/div>\n\t\t\t\t<\/article>\n\t\t\t\t<article class=\"elementor-post elementor-grid-item post-503 post type-post status-publish format-standard has-post-thumbnail hentry category-non-classe\">\n\t\t\t\t<a class=\"elementor-post__thumbnail__link\" href=\"https:\/\/bravehill-dz.com\/en\/bh-advisory-vous-accompagne-dans-vos-demarches-doptimisation-des-couts\/\" tabindex=\"-1\" >\n\t\t\t<div class=\"elementor-post__thumbnail\"><img decoding=\"async\" width=\"1961\" height=\"986\" src=\"https:\/\/bravehill-dz.com\/wp-content\/uploads\/2024\/12\/64926127_1533525146782761_1514654409169043456_n.jpg\" class=\"attachment-full size-full wp-image-3122\" alt=\"\" srcset=\"https:\/\/bravehill-dz.com\/wp-content\/uploads\/2024\/12\/64926127_1533525146782761_1514654409169043456_n.jpg 1961w, https:\/\/bravehill-dz.com\/wp-content\/uploads\/2024\/12\/64926127_1533525146782761_1514654409169043456_n-300x151.jpg 300w, https:\/\/bravehill-dz.com\/wp-content\/uploads\/2024\/12\/64926127_1533525146782761_1514654409169043456_n-1024x515.jpg 1024w, https:\/\/bravehill-dz.com\/wp-content\/uploads\/2024\/12\/64926127_1533525146782761_1514654409169043456_n-768x386.jpg 768w, https:\/\/bravehill-dz.com\/wp-content\/uploads\/2024\/12\/64926127_1533525146782761_1514654409169043456_n-1536x772.jpg 1536w\" sizes=\"(max-width: 1961px) 100vw, 1961px\" \/><\/div>\n\t\t<\/a>\n\t\t\t\t<div class=\"elementor-post__text\">\n\t\t\t\t<h3 class=\"elementor-post__title\">\n\t\t\t<a href=\"https:\/\/bravehill-dz.com\/en\/bh-advisory-vous-accompagne-dans-vos-demarches-doptimisation-des-couts\/\" >\n\t\t\t\tBH Advisory accompanies you in your optimization process costs\t\t\t<\/a>\n\t\t<\/h3>\n\t\t\t\t<div class=\"elementor-post__meta-data\">\n\t\t\t\t\t<span class=\"elementor-post-date\">\n\t\t\t20\/06\/2019\t\t<\/span>\n\t\t\t\t<span class=\"elementor-post-avatar\">\n\t\t\tNo Comments\t\t<\/span>\n\t\t\t\t<\/div>\n\t\t\t\t<div class=\"elementor-post__excerpt\">\n\t\t\t<p>Dans un contexte de plus en plus concurrentiel et o\u00f9 la notion de performance \u00e9conomique est plus que jamais de mise, les entreprises cherchent \u00e0<\/p>\n\t\t<\/div>\n\t\t\t\t\t<div class=\"elementor-post__read-more-wrapper\">\n\t\t\n\t\t<a class=\"elementor-post__read-more\" href=\"https:\/\/bravehill-dz.com\/en\/bh-advisory-vous-accompagne-dans-vos-demarches-doptimisation-des-couts\/\" aria-label=\"Read more about BH Advisory vous accompagne dans vos d\u00e9marches d\u2019optimisation des co\u00fbts\" tabindex=\"-1\" >\n\t\t\tRead more &#034;\t\t<\/a>\n\n\t\t\t\t\t<\/div>\n\t\t\t\t<\/div>\n\t\t\t\t<\/article>\n\t\t\t\t<article class=\"elementor-post elementor-grid-item post-501 post type-post status-publish format-standard has-post-thumbnail hentry category-evenement\">\n\t\t\t\t<a class=\"elementor-post__thumbnail__link\" href=\"https:\/\/bravehill-dz.com\/en\/rencontre-algero-portugaise-organisee-par-bh-advisory\/\" tabindex=\"-1\" >\n\t\t\t<div class=\"elementor-post__thumbnail\"><img decoding=\"async\" width=\"1080\" height=\"527\" src=\"https:\/\/bravehill-dz.com\/wp-content\/uploads\/2024\/12\/WhatsApp-Image-2025-02-23-a-16.13.11_32895cc1.jpg\" class=\"attachment-full size-full wp-image-3061\" alt=\"\" srcset=\"https:\/\/bravehill-dz.com\/wp-content\/uploads\/2024\/12\/WhatsApp-Image-2025-02-23-a-16.13.11_32895cc1.jpg 1080w, https:\/\/bravehill-dz.com\/wp-content\/uploads\/2024\/12\/WhatsApp-Image-2025-02-23-a-16.13.11_32895cc1-300x146.jpg 300w, https:\/\/bravehill-dz.com\/wp-content\/uploads\/2024\/12\/WhatsApp-Image-2025-02-23-a-16.13.11_32895cc1-1024x500.jpg 1024w, https:\/\/bravehill-dz.com\/wp-content\/uploads\/2024\/12\/WhatsApp-Image-2025-02-23-a-16.13.11_32895cc1-768x375.jpg 768w\" sizes=\"(max-width: 1080px) 100vw, 1080px\" \/><\/div>\n\t\t<\/a>\n\t\t\t\t<div class=\"elementor-post__text\">\n\t\t\t\t<h3 class=\"elementor-post__title\">\n\t\t\t<a href=\"https:\/\/bravehill-dz.com\/en\/rencontre-algero-portugaise-organisee-par-bh-advisory\/\" >\n\t\t\t\tDating Algerian-Portuguese organized by BH Advisory\t\t\t<\/a>\n\t\t<\/h3>\n\t\t\t\t<div class=\"elementor-post__meta-data\">\n\t\t\t\t\t<span class=\"elementor-post-date\">\n\t\t\t16\/11\/2018\t\t<\/span>\n\t\t\t\t<span class=\"elementor-post-avatar\">\n\t\t\tNo Comments\t\t<\/span>\n\t\t\t\t<\/div>\n\t\t\t\t<div class=\"elementor-post__excerpt\">\n\t\t\t<p>Dating Algerian-Portuguese organised by the team BH Advisory and cabinet HP Consulting for the account of the ANEME (national association of enterprises of metallurgical and electromechanical Portuguese).<\/p>\n\t\t<\/div>\n\t\t\t\t\t<div class=\"elementor-post__read-more-wrapper\">\n\t\t\n\t\t<a class=\"elementor-post__read-more\" href=\"https:\/\/bravehill-dz.com\/en\/rencontre-algero-portugaise-organisee-par-bh-advisory\/\" aria-label=\"Read more about Rencontre Alg\u00e9ro-Portugaise organis\u00e9e par BH Advisory\" tabindex=\"-1\" >\n\t\t\tRead more &#034;\t\t<\/a>\n\n\t\t\t\t\t<\/div>\n\t\t\t\t<\/div>\n\t\t\t\t<\/article>\n\t\t\t\t<\/div>\n\t\t\n\t\t\t\t\t\t<\/div>\n\t\t\t\t<\/div>\n\t\t\t\t\t<\/div>\n\t\t\t\t<\/div>\n\t\t\t\t<\/div>","protected":false},"excerpt":{"rendered":"<p>L&rsquo;Actu BH Suivez-nous sur LinkedIn Derniers articles<\/p>","protected":false},"author":2,"featured_media":0,"parent":0,"menu_order":0,"comment_status":"closed","ping_status":"closed","template":"","meta":{"footnotes":""},"class_list":["post-225","page","type-page","status-publish","hentry"],"_links":{"self":[{"href":"https:\/\/bravehill-dz.com\/en\/wp-json\/wp\/v2\/pages\/225","targetHints":{"allow":["GET"]}}],"collection":[{"href":"https:\/\/bravehill-dz.com\/en\/wp-json\/wp\/v2\/pages"}],"about":[{"href":"https:\/\/bravehill-dz.com\/en\/wp-json\/wp\/v2\/types\/page"}],"author":[{"embeddable":true,"href":"https:\/\/bravehill-dz.com\/en\/wp-json\/wp\/v2\/users\/2"}],"replies":[{"embeddable":true,"href":"https:\/\/bravehill-dz.com\/en\/wp-json\/wp\/v2\/comments?post=225"}],"version-history":[{"count":37,"href":"https:\/\/bravehill-dz.com\/en\/wp-json\/wp\/v2\/pages\/225\/revisions"}],"predecessor-version":[{"id":3281,"href":"https:\/\/bravehill-dz.com\/en\/wp-json\/wp\/v2\/pages\/225\/revisions\/3281"}],"wp:attachment":[{"href":"https:\/\/bravehill-dz.com\/en\/wp-json\/wp\/v2\/media?parent=225"}],"curies":[{"name":"wp","href":"https:\/\/api.w.org\/{rel}","templated":true}]}}