{"id":760,"date":"2024-12-24T11:56:49","date_gmt":"2024-12-24T10:56:49","guid":{"rendered":"https:\/\/dev-bh-advisory.pantheonsite.io\/?page_id=760"},"modified":"2025-06-16T23:30:09","modified_gmt":"2025-06-16T21:30:09","slug":"notre-histoire","status":"publish","type":"page","link":"https:\/\/bravehill-dz.com\/en\/notre-histoire\/","title":{"rendered":"Our story"},"content":{"rendered":"<div data-elementor-type=\"wp-page\" data-elementor-id=\"760\" class=\"elementor elementor-760\" data-elementor-post-type=\"page\">\n\t\t\t\t<div class=\"elementor-element elementor-element-85da786 e-flex e-con-boxed e-con e-parent\" data-id=\"85da786\" data-element_type=\"container\" data-settings=\"{&quot;background_background&quot;:&quot;classic&quot;}\">\n\t\t\t\t\t<div class=\"e-con-inner\">\n\t\t<div class=\"elementor-element elementor-element-d298a06 e-flex e-con-boxed e-con e-child\" data-id=\"d298a06\" data-element_type=\"container\">\n\t\t\t\t\t<div class=\"e-con-inner\">\n\t\t\t\t<div class=\"elementor-element elementor-element-ef95437 elementor-invisible elementor-widget elementor-widget-heading\" data-id=\"ef95437\" data-element_type=\"widget\" data-settings=\"{&quot;_animation&quot;:&quot;fadeInUp&quot;,&quot;_animation_delay&quot;:200}\" data-widget_type=\"heading.default\">\n\t\t\t\t<div class=\"elementor-widget-container\">\n\t\t\t\t\t<h1 class=\"elementor-heading-title elementor-size-default\">Our story<\/h1>\t\t\t\t<\/div>\n\t\t\t\t<\/div>\n\t\t\t\t\t<\/div>\n\t\t\t\t<\/div>\n\t\t\t\t\t<\/div>\n\t\t\t\t<\/div>\n\t\t<div class=\"elementor-element elementor-element-1496ab8 e-flex e-con-boxed e-con e-parent\" data-id=\"1496ab8\" data-element_type=\"container\">\n\t\t\t\t\t<div class=\"e-con-inner\">\n\t\t<div class=\"elementor-element elementor-element-54ed3ef e-con-full e-flex elementor-invisible e-con e-child\" data-id=\"54ed3ef\" data-element_type=\"container\" data-settings=\"{&quot;animation&quot;:&quot;fadeInLeft&quot;}\">\n\t\t\t\t<div class=\"elementor-element elementor-element-c75274a elementor-widget elementor-widget-heading\" data-id=\"c75274a\" data-element_type=\"widget\" data-widget_type=\"heading.default\">\n\t\t\t\t<div class=\"elementor-widget-container\">\n\t\t\t\t\t<h2 class=\"elementor-heading-title elementor-size-default\">Our story\n<\/h2>\t\t\t\t<\/div>\n\t\t\t\t<\/div>\n\t\t\t\t<div class=\"elementor-element elementor-element-828d130 elementor-widget__width-initial elementor-vertical-align-top elementor-widget elementor-widget-icon-box\" data-id=\"828d130\" data-element_type=\"widget\" data-widget_type=\"icon-box.default\">\n\t\t\t\t<div class=\"elementor-widget-container\">\n\t\t\t\t\t\t\t<div class=\"elementor-icon-box-wrapper\">\n\n\t\t\t\n\t\t\t\t\t\t<div class=\"elementor-icon-box-content\">\n\n\t\t\t\t\n\t\t\t\t\t\t\t\t\t<p class=\"elementor-icon-box-description\">\n\t\t\t\t\t\tInitially focused on market research, <b>BH Advisory <\/b>has quickly expanded its offerings to include other additional services, enabling its customers to benefit from a <b>strategic support<\/b> on the set of their value chain at each stage of their <b>development<\/b> and their <b>growth<\/b>.\t\t\t\t\t<\/p>\n\t\t\t\t\n\t\t\t<\/div>\n\t\t\t\n\t\t<\/div>\n\t\t\t\t\t\t<\/div>\n\t\t\t\t<\/div>\n\t\t\t\t<\/div>\n\t\t<div class=\"elementor-element elementor-element-a9b65bd e-con-full e-flex e-con e-child\" data-id=\"a9b65bd\" data-element_type=\"container\">\n\t\t\t\t<div class=\"elementor-element elementor-element-76fef0b elementor-invisible elementor-widget elementor-widget-image\" data-id=\"76fef0b\" data-element_type=\"widget\" data-settings=\"{&quot;_animation&quot;:&quot;fadeInRight&quot;}\" data-widget_type=\"image.default\">\n\t\t\t\t<div class=\"elementor-widget-container\">\n\t\t\t\t\t\t\t\t\t\t\t\t\t\t\t<img fetchpriority=\"high\" decoding=\"async\" width=\"1280\" height=\"720\" src=\"https:\/\/bravehill-dz.com\/wp-content\/uploads\/2025\/02\/panorama-d-alger-2-1-2-2.webp\" class=\"attachment-full size-full wp-image-2838\" alt=\"\" srcset=\"https:\/\/bravehill-dz.com\/wp-content\/uploads\/2025\/02\/panorama-d-alger-2-1-2-2.webp 1280w, https:\/\/bravehill-dz.com\/wp-content\/uploads\/2025\/02\/panorama-d-alger-2-1-2-2-300x169.webp 300w, https:\/\/bravehill-dz.com\/wp-content\/uploads\/2025\/02\/panorama-d-alger-2-1-2-2-1024x576.webp 1024w, https:\/\/bravehill-dz.com\/wp-content\/uploads\/2025\/02\/panorama-d-alger-2-1-2-2-768x432.webp 768w\" sizes=\"(max-width: 1280px) 100vw, 1280px\" \/>\t\t\t\t\t\t\t\t\t\t\t\t\t\t\t<\/div>\n\t\t\t\t<\/div>\n\t\t<div class=\"elementor-element elementor-element-5f969f0 e-con-full e-flex elementor-invisible e-con e-child\" data-id=\"5f969f0\" data-element_type=\"container\" data-settings=\"{&quot;background_background&quot;:&quot;classic&quot;,&quot;position&quot;:&quot;absolute&quot;,&quot;animation&quot;:&quot;bounceIn&quot;}\">\n\t\t\t\t<div class=\"elementor-element elementor-element-6edb588 elementor-widget elementor-widget-heading\" data-id=\"6edb588\" data-element_type=\"widget\" data-widget_type=\"heading.default\">\n\t\t\t\t<div class=\"elementor-widget-container\">\n\t\t\t\t\t<h4 class=\"elementor-heading-title elementor-size-default\">The council on measurement.<\/h4>\t\t\t\t<\/div>\n\t\t\t\t<\/div>\n\t\t\t\t<div class=\"elementor-element elementor-element-76d5408 elementor-widget elementor-widget-button\" data-id=\"76d5408\" data-element_type=\"widget\" data-widget_type=\"button.default\">\n\t\t\t\t<div class=\"elementor-widget-container\">\n\t\t\t\t\t\t\t\t\t<div class=\"elementor-button-wrapper\">\n\t\t\t\t\t<a class=\"elementor-button elementor-button-link elementor-size-sm\" href=\"https:\/\/bravehill-dz.com\/en\/contact\/\">\n\t\t\t\t\t\t<span class=\"elementor-button-content-wrapper\">\n\t\t\t\t\t\t<span class=\"elementor-button-icon\">\n\t\t\t\t<svg aria-hidden=\"true\" class=\"e-font-icon-svg e-fas-arrow-right\" viewbox=\"0 0 448 512\" xmlns=\"http:\/\/www.w3.org\/2000\/svg\"><path d=\"M190.5 66.9l22.2-22.2c9.4-9.4 24.6-9.4 33.9 0L441 239c9.4 9.4 9.4 24.6 0 33.9L246.6 467.3c-9.4 9.4-24.6 9.4-33.9 0l-22.2-22.2c-9.5-9.5-9.3-25 .4-34.3L311.4 296H24c-13.3 0-24-10.7-24-24v-32c0-13.3 10.7-24 24-24h287.4L190.9 101.2c-9.8-9.3-10-24.8-.4-34.3z\"><\/path><\/svg>\t\t\t<\/span>\n\t\t\t\t\t\t\t\t\t<span class=\"elementor-button-text\">Contact us<\/span>\n\t\t\t\t\t<\/span>\n\t\t\t\t\t<\/a>\n\t\t\t\t<\/div>\n\t\t\t\t\t\t\t\t<\/div>\n\t\t\t\t<\/div>\n\t\t\t\t<\/div>\n\t\t\t\t<\/div>\n\t\t\t\t\t<\/div>\n\t\t\t\t<\/div>\n\t\t<div class=\"elementor-element elementor-element-95026a3 e-flex e-con-boxed e-con e-parent\" data-id=\"95026a3\" data-element_type=\"container\">\n\t\t\t\t\t<div class=\"e-con-inner\">\n\t\t\t\t<div class=\"elementor-element elementor-element-f075087 elementor-widget__width-initial elementor-widget-mobile__width-inherit elementor-widget elementor-widget-image\" data-id=\"f075087\" data-element_type=\"widget\" data-widget_type=\"image.default\">\n\t\t\t\t<div class=\"elementor-widget-container\">\n\t\t\t\t\t\t\t\t\t\t\t\t\t\t\t<img decoding=\"async\" width=\"1020\" height=\"768\" src=\"https:\/\/bravehill-dz.com\/wp-content\/uploads\/2025\/02\/e9c32b38-5923-4a12-b111-4cbb8073fcdc.webp\" class=\"attachment-full size-full wp-image-2904\" alt=\"\" srcset=\"https:\/\/bravehill-dz.com\/wp-content\/uploads\/2025\/02\/e9c32b38-5923-4a12-b111-4cbb8073fcdc.webp 1020w, https:\/\/bravehill-dz.com\/wp-content\/uploads\/2025\/02\/e9c32b38-5923-4a12-b111-4cbb8073fcdc-300x226.webp 300w, https:\/\/bravehill-dz.com\/wp-content\/uploads\/2025\/02\/e9c32b38-5923-4a12-b111-4cbb8073fcdc-768x578.webp 768w\" sizes=\"(max-width: 1020px) 100vw, 1020px\" \/>\t\t\t\t\t\t\t\t\t\t\t\t\t\t\t<\/div>\n\t\t\t\t<\/div>\n\t\t<div class=\"elementor-element elementor-element-d15d582 e-con-full e-flex e-con e-child\" data-id=\"d15d582\" data-element_type=\"container\">\n\t\t\t\t<div class=\"elementor-element elementor-element-8391e54 elementor-widget elementor-widget-button\" data-id=\"8391e54\" data-element_type=\"widget\" data-widget_type=\"button.default\">\n\t\t\t\t<div class=\"elementor-widget-container\">\n\t\t\t\t\t\t\t\t\t<div class=\"elementor-button-wrapper\">\n\t\t\t\t\t<a class=\"elementor-button elementor-size-sm\" role=\"button\">\n\t\t\t\t\t\t<span class=\"elementor-button-content-wrapper\">\n\t\t\t\t\t\t<span class=\"elementor-button-icon\">\n\t\t\t\t<svg aria-hidden=\"true\" class=\"e-font-icon-svg e-fas-hammer\" viewbox=\"0 0 576 512\" xmlns=\"http:\/\/www.w3.org\/2000\/svg\"><path d=\"M571.31 193.94l-22.63-22.63c-6.25-6.25-16.38-6.25-22.63 0l-11.31 11.31-28.9-28.9c5.63-21.31.36-44.9-16.35-61.61l-45.25-45.25c-62.48-62.48-163.79-62.48-226.28 0l90.51 45.25v18.75c0 16.97 6.74 33.25 18.75 45.25l49.14 49.14c16.71 16.71 40.3 21.98 61.61 16.35l28.9 28.9-11.31 11.31c-6.25 6.25-6.25 16.38 0 22.63l22.63 22.63c6.25 6.25 16.38 6.25 22.63 0l90.51-90.51c6.23-6.24 6.23-16.37-.02-22.62zm-286.72-15.2c-3.7-3.7-6.84-7.79-9.85-11.95L19.64 404.96c-25.57 23.88-26.26 64.19-1.53 88.93s65.05 24.05 88.93-1.53l238.13-255.07c-3.96-2.91-7.9-5.87-11.44-9.41l-49.14-49.14z\"><\/path><\/svg>\t\t\t<\/span>\n\t\t\t\t\t\t\t\t\t<span class=\"elementor-button-text\">2013<\/span>\n\t\t\t\t\t<\/span>\n\t\t\t\t\t<\/a>\n\t\t\t\t<\/div>\n\t\t\t\t\t\t\t\t<\/div>\n\t\t\t\t<\/div>\n\t\t\t\t<div class=\"elementor-element elementor-element-8e1ac7d elementor-widget elementor-widget-text-editor\" data-id=\"8e1ac7d\" data-element_type=\"widget\" data-widget_type=\"text-editor.default\">\n\t\t\t\t<div class=\"elementor-widget-container\">\n\t\t\t\t\t\t\t\t\t<p>Since our firm\u2019s creation, we have supported <strong>more than 200 economic <\/strong><strong>players<\/strong> in Algeria across 15 sectors, including multinationals, private groups, and public companies, and have completed <strong>over 500 market studies.<\/strong><\/p>\t\t\t\t\t\t\t\t<\/div>\n\t\t\t\t<\/div>\n\t\t\t\t<\/div>\n\t\t\t\t\t<\/div>\n\t\t\t\t<\/div>\n\t\t<div class=\"elementor-element elementor-element-f1070be e-flex e-con-boxed e-con e-parent\" data-id=\"f1070be\" data-element_type=\"container\">\n\t\t\t\t\t<div class=\"e-con-inner\">\n\t\t\t\t<div class=\"elementor-element elementor-element-c814a53 elementor-widget__width-initial elementor-widget-mobile__width-inherit elementor-widget elementor-widget-image\" data-id=\"c814a53\" data-element_type=\"widget\" data-widget_type=\"image.default\">\n\t\t\t\t<div class=\"elementor-widget-container\">\n\t\t\t\t\t\t\t\t\t\t\t\t\t\t\t<img decoding=\"async\" width=\"1470\" height=\"1186\" src=\"https:\/\/bravehill-dz.com\/wp-content\/uploads\/2024\/12\/48411909_1391690754299535_5131552892909518848_n.webp\" class=\"attachment-full size-full wp-image-459\" alt=\"\" srcset=\"https:\/\/bravehill-dz.com\/wp-content\/uploads\/2024\/12\/48411909_1391690754299535_5131552892909518848_n.webp 1470w, https:\/\/bravehill-dz.com\/wp-content\/uploads\/2024\/12\/48411909_1391690754299535_5131552892909518848_n-300x242.webp 300w, https:\/\/bravehill-dz.com\/wp-content\/uploads\/2024\/12\/48411909_1391690754299535_5131552892909518848_n-1024x826.webp 1024w, https:\/\/bravehill-dz.com\/wp-content\/uploads\/2024\/12\/48411909_1391690754299535_5131552892909518848_n-768x620.webp 768w\" sizes=\"(max-width: 1470px) 100vw, 1470px\" \/>\t\t\t\t\t\t\t\t\t\t\t\t\t\t\t<\/div>\n\t\t\t\t<\/div>\n\t\t<div class=\"elementor-element elementor-element-94fcfb0 e-con-full e-flex e-con e-child\" data-id=\"94fcfb0\" data-element_type=\"container\">\n\t\t\t\t<div class=\"elementor-element elementor-element-5a67e25 elementor-widget elementor-widget-button\" data-id=\"5a67e25\" data-element_type=\"widget\" data-widget_type=\"button.default\">\n\t\t\t\t<div class=\"elementor-widget-container\">\n\t\t\t\t\t\t\t\t\t<div class=\"elementor-button-wrapper\">\n\t\t\t\t\t<a class=\"elementor-button elementor-size-sm\" role=\"button\">\n\t\t\t\t\t\t<span class=\"elementor-button-content-wrapper\">\n\t\t\t\t\t\t<span class=\"elementor-button-icon\">\n\t\t\t\t<svg aria-hidden=\"true\" class=\"e-font-icon-svg e-fas-chart-line\" viewbox=\"0 0 512 512\" xmlns=\"http:\/\/www.w3.org\/2000\/svg\"><path d=\"M496 384H64V80c0-8.84-7.16-16-16-16H16C7.16 64 0 71.16 0 80v336c0 17.67 14.33 32 32 32h464c8.84 0 16-7.16 16-16v-32c0-8.84-7.16-16-16-16zM464 96H345.94c-21.38 0-32.09 25.85-16.97 40.97l32.4 32.4L288 242.75l-73.37-73.37c-12.5-12.5-32.76-12.5-45.25 0l-68.69 68.69c-6.25 6.25-6.25 16.38 0 22.63l22.62 22.62c6.25 6.25 16.38 6.25 22.63 0L192 237.25l73.37 73.37c12.5 12.5 32.76 12.5 45.25 0l96-96 32.4 32.4c15.12 15.12 40.97 4.41 40.97-16.97V112c.01-8.84-7.15-16-15.99-16z\"><\/path><\/svg>\t\t\t<\/span>\n\t\t\t\t\t\t\t\t\t<span class=\"elementor-button-text\">2018<\/span>\n\t\t\t\t\t<\/span>\n\t\t\t\t\t<\/a>\n\t\t\t\t<\/div>\n\t\t\t\t\t\t\t\t<\/div>\n\t\t\t\t<\/div>\n\t\t\t\t<div class=\"elementor-element elementor-element-a54fc13 elementor-widget elementor-widget-text-editor\" data-id=\"a54fc13\" data-element_type=\"widget\" data-widget_type=\"text-editor.default\">\n\t\t\t\t<div class=\"elementor-widget-container\">\n\t\t\t\t\t\t\t\t\t<p>In the framework of our international development strategy, we have strengthened our partnership with the Portuguese firm <strong>CH Consulting<\/strong> and joined a global network of firms present in more than <strong>26 countries<\/strong>. This collaboration we now offer coverage intercontinental consolidates our presence on the national territory and positions us strategically in the international markets.<\/p><p>This expansion enables us to provide enhanced expertise to foreign companies wishing to establish themselves in Algeria, as well as to local companies with export and international development projects.<\/p>\t\t\t\t\t\t\t\t<\/div>\n\t\t\t\t<\/div>\n\t\t\t\t<\/div>\n\t\t\t\t\t<\/div>\n\t\t\t\t<\/div>\n\t\t<div class=\"elementor-element elementor-element-228bbaa e-flex e-con-boxed e-con e-parent\" data-id=\"228bbaa\" data-element_type=\"container\">\n\t\t\t\t\t<div class=\"e-con-inner\">\n\t\t\t\t<div class=\"elementor-element elementor-element-ac9b3e9 elementor-widget__width-initial elementor-widget-mobile__width-inherit elementor-widget elementor-widget-image\" data-id=\"ac9b3e9\" data-element_type=\"widget\" data-widget_type=\"image.default\">\n\t\t\t\t<div class=\"elementor-widget-container\">\n\t\t\t\t\t\t\t\t\t\t\t\t\t\t\t<img loading=\"lazy\" decoding=\"async\" width=\"1080\" height=\"720\" src=\"https:\/\/bravehill-dz.com\/wp-content\/uploads\/2025\/02\/WhatsApp-Image-2025-02-20-a-17.51.05_f1ff9baa.jpg\" class=\"attachment-full size-full wp-image-3035\" alt=\"\" srcset=\"https:\/\/bravehill-dz.com\/wp-content\/uploads\/2025\/02\/WhatsApp-Image-2025-02-20-a-17.51.05_f1ff9baa.jpg 1080w, https:\/\/bravehill-dz.com\/wp-content\/uploads\/2025\/02\/WhatsApp-Image-2025-02-20-a-17.51.05_f1ff9baa-300x200.jpg 300w, https:\/\/bravehill-dz.com\/wp-content\/uploads\/2025\/02\/WhatsApp-Image-2025-02-20-a-17.51.05_f1ff9baa-1024x683.jpg 1024w, https:\/\/bravehill-dz.com\/wp-content\/uploads\/2025\/02\/WhatsApp-Image-2025-02-20-a-17.51.05_f1ff9baa-768x512.jpg 768w\" sizes=\"(max-width: 1080px) 100vw, 1080px\" \/>\t\t\t\t\t\t\t\t\t\t\t\t\t\t\t<\/div>\n\t\t\t\t<\/div>\n\t\t<div class=\"elementor-element elementor-element-a116b29 e-con-full e-flex e-con e-child\" data-id=\"a116b29\" data-element_type=\"container\">\n\t\t\t\t<div class=\"elementor-element elementor-element-0c3655d elementor-widget elementor-widget-button\" data-id=\"0c3655d\" data-element_type=\"widget\" data-widget_type=\"button.default\">\n\t\t\t\t<div class=\"elementor-widget-container\">\n\t\t\t\t\t\t\t\t\t<div class=\"elementor-button-wrapper\">\n\t\t\t\t\t<a class=\"elementor-button elementor-size-sm\" role=\"button\">\n\t\t\t\t\t\t<span class=\"elementor-button-content-wrapper\">\n\t\t\t\t\t\t<span class=\"elementor-button-icon\">\n\t\t\t\t<svg aria-hidden=\"true\" class=\"e-font-icon-svg e-fas-handshake\" viewbox=\"0 0 640 512\" xmlns=\"http:\/\/www.w3.org\/2000\/svg\"><path d=\"M434.7 64h-85.9c-8 0-15.7 3-21.6 8.4l-98.3 90c-.1.1-.2.3-.3.4-16.6 15.6-16.3 40.5-2.1 56 12.7 13.9 39.4 17.6 56.1 2.7.1-.1.3-.1.4-.2l79.9-73.2c6.5-5.9 16.7-5.5 22.6 1 6 6.5 5.5 16.6-1 22.6l-26.1 23.9L504 313.8c2.9 2.4 5.5 5 7.9 7.7V128l-54.6-54.6c-5.9-6-14.1-9.4-22.6-9.4zM544 128.2v223.9c0 17.7 14.3 32 32 32h64V128.2h-96zm48 223.9c-8.8 0-16-7.2-16-16s7.2-16 16-16 16 7.2 16 16-7.2 16-16 16zM0 384h64c17.7 0 32-14.3 32-32V128.2H0V384zm48-63.9c8.8 0 16 7.2 16 16s-7.2 16-16 16-16-7.2-16-16c0-8.9 7.2-16 16-16zm435.9 18.6L334.6 217.5l-30 27.5c-29.7 27.1-75.2 24.5-101.7-4.4-26.9-29.4-24.8-74.9 4.4-101.7L289.1 64h-83.8c-8.5 0-16.6 3.4-22.6 9.4L128 128v223.9h18.3l90.5 81.9c27.4 22.3 67.7 18.1 90-9.3l.2-.2 17.9 15.5c15.9 13 39.4 10.5 52.3-5.4l31.4-38.6 5.4 4.4c13.7 11.1 33.9 9.1 45-4.7l9.5-11.7c11.2-13.8 9.1-33.9-4.6-45.1z\"><\/path><\/svg>\t\t\t<\/span>\n\t\t\t\t\t\t\t\t\t<span class=\"elementor-button-text\">2024<\/span>\n\t\t\t\t\t<\/span>\n\t\t\t\t\t<\/a>\n\t\t\t\t<\/div>\n\t\t\t\t\t\t\t\t<\/div>\n\t\t\t\t<\/div>\n\t\t\t\t<div class=\"elementor-element elementor-element-b467f87 elementor-widget elementor-widget-text-editor\" data-id=\"b467f87\" data-element_type=\"widget\" data-widget_type=\"text-editor.default\">\n\t\t\t\t<div class=\"elementor-widget-container\">\n\t\t\t\t\t\t\t\t\t<p>In 2024, we signed a partnership with <strong>PECB<\/strong>, a leading Canadian certification body, to add certification training to our range of services, thus ensuring sustainable skills transfer.<\/p>\t\t\t\t\t\t\t\t<\/div>\n\t\t\t\t<\/div>\n\t\t\t\t<\/div>\n\t\t\t\t\t<\/div>\n\t\t\t\t<\/div>\n\t\t<div class=\"elementor-element elementor-element-187d6a8 e-flex e-con-boxed e-con e-parent\" data-id=\"187d6a8\" data-element_type=\"container\">\n\t\t\t\t\t<div class=\"e-con-inner\">\n\t\t\t\t<div class=\"elementor-element elementor-element-6db1b93 elementor-widget elementor-widget-heading\" data-id=\"6db1b93\" data-element_type=\"widget\" data-widget_type=\"heading.default\">\n\t\t\t\t<div class=\"elementor-widget-container\">\n\t\t\t\t\t<h2 class=\"elementor-heading-title elementor-size-default\">Our presence in the world\n<\/h2>\t\t\t\t<\/div>\n\t\t\t\t<\/div>\n\t\t\t\t\t<\/div>\n\t\t\t\t<\/div>\n\t\t<div class=\"elementor-element elementor-element-62fd610 e-flex e-con-boxed e-con e-parent\" data-id=\"62fd610\" data-element_type=\"container\">\n\t\t\t\t\t<div class=\"e-con-inner\">\n\t\t\t\t<div class=\"elementor-element elementor-element-1da146e elementor-widget-mobile__width-inherit elementor-widget elementor-widget-image\" data-id=\"1da146e\" data-element_type=\"widget\" data-widget_type=\"image.default\">\n\t\t\t\t<div class=\"elementor-widget-container\">\n\t\t\t\t\t\t\t\t\t\t\t\t\t\t\t<img loading=\"lazy\" decoding=\"async\" width=\"750\" height=\"781\" src=\"https:\/\/bravehill-dz.com\/wp-content\/uploads\/2025\/02\/464406246_3249940151807910_2549427234667620109_n.jpg\" class=\"attachment-large size-large wp-image-3138\" alt=\"\" srcset=\"https:\/\/bravehill-dz.com\/wp-content\/uploads\/2025\/02\/464406246_3249940151807910_2549427234667620109_n.jpg 750w, https:\/\/bravehill-dz.com\/wp-content\/uploads\/2025\/02\/464406246_3249940151807910_2549427234667620109_n-288x300.jpg 288w\" sizes=\"(max-width: 750px) 100vw, 750px\" \/>\t\t\t\t\t\t\t\t\t\t\t\t\t\t\t<\/div>\n\t\t\t\t<\/div>\n\t\t\t\t<div class=\"elementor-element elementor-element-65035aa elementor-widget__width-initial elementor-widget-mobile__width-inherit elementor-widget elementor-widget-igmap\" data-id=\"65035aa\" data-element_type=\"widget\" data-widget_type=\"igmap.default\">\n\t\t\t\t<div class=\"elementor-widget-container\">\n\t\t\t\t\t<div class=\"igmap-elementor-widget\"><div class=\"map_wrapper\" id=\"map_wrapper_1847\">\n<div class=\"map_box\" style=\"max-width:2000px\">\n<div class=\"map_aspect_ratio\" style=\"padding-top:56%\" data-padding-top=\"56%\" data-padding-top-mobile=\"0%\">\n<div class=\"map_container\">\n<div class=\"map_render map_loading\" id=\"map_1847\"><\/div>\n<\/div>\n<\/div>\n<\/div>\n<\/div><\/div>\t\t\t\t<\/div>\n\t\t\t\t<\/div>\n\t\t\t\t<div class=\"elementor-element elementor-element-5646857 elementor-widget__width-initial elementor-widget-mobile__width-inherit elementor-widget elementor-widget-text-editor\" data-id=\"5646857\" data-element_type=\"widget\" data-widget_type=\"text-editor.default\">\n\t\t\t\t<div class=\"elementor-widget-container\">\n\t\t\t\t\t\t\t\t\t<div class=\"col-md-3\"><div class=\"wpb_text_column wpb_content_element\"><div class=\"wpb_wrapper\"><p>In order to support customers who want to conquer new markets, we have developed an approach to support the international.<\/p><p>In addition to our offices in Algiers and Oran, BH Advisory is also present in Portugal and Canada via its partners.<\/p><\/div><p>We are also proud to be a part of the <a href=\"https:\/\/chbusinessconsulting.com\/members\/\" target=\"_blank\" rel=\"noopener noreferrer nofollow\"><strong>CH Global Network <\/strong><\/a>, a network consulting firm with a presence in over 26 countries and 5 continents, which encourages the sharing of expertise and experience.<\/p><\/div><\/div><div class=\"col-md-9\">\u00a0<\/div>\t\t\t\t\t\t\t\t<\/div>\n\t\t\t\t<\/div>\n\t\t\t\t\t<\/div>\n\t\t\t\t<\/div>\n\t\t\t\t<\/div>","protected":false},"excerpt":{"rendered":"<p>Notre histoire Notre histoire Au d\u00e9part ax\u00e9 sur les \u00e9tudes de march\u00e9, BH Advisory a rapidement \u00e9largi son offre pour inclure de nouveaux services compl\u00e9mentaires, permettant ainsi \u00e0 ses clients de b\u00e9n\u00e9ficier d&rsquo;un accompagnement sur l&rsquo;ensemble de leur cha\u00eene de valeur \u00e0 chaque \u00e9tape de leur d\u00e9veloppement et de leur croissance. Le conseil sur mesure. [&hellip;]<\/p>\n","protected":false},"author":2,"featured_media":0,"parent":0,"menu_order":0,"comment_status":"closed","ping_status":"closed","template":"","meta":{"footnotes":""},"class_list":["post-760","page","type-page","status-publish","hentry"],"_links":{"self":[{"href":"https:\/\/bravehill-dz.com\/en\/wp-json\/wp\/v2\/pages\/760","targetHints":{"allow":["GET"]}}],"collection":[{"href":"https:\/\/bravehill-dz.com\/en\/wp-json\/wp\/v2\/pages"}],"about":[{"href":"https:\/\/bravehill-dz.com\/en\/wp-json\/wp\/v2\/types\/page"}],"author":[{"embeddable":true,"href":"https:\/\/bravehill-dz.com\/en\/wp-json\/wp\/v2\/users\/2"}],"replies":[{"embeddable":true,"href":"https:\/\/bravehill-dz.com\/en\/wp-json\/wp\/v2\/comments?post=760"}],"version-history":[{"count":211,"href":"https:\/\/bravehill-dz.com\/en\/wp-json\/wp\/v2\/pages\/760\/revisions"}],"predecessor-version":[{"id":4032,"href":"https:\/\/bravehill-dz.com\/en\/wp-json\/wp\/v2\/pages\/760\/revisions\/4032"}],"wp:attachment":[{"href":"https:\/\/bravehill-dz.com\/en\/wp-json\/wp\/v2\/media?parent=760"}],"curies":[{"name":"wp","href":"https:\/\/api.w.org\/{rel}","templated":true}]}}